{"id":63,"date":"2023-08-29T20:37:33","date_gmt":"2023-08-29T20:37:33","guid":{"rendered":"https:\/\/leasautin.com\/cy\/?page_id=63"},"modified":"2023-08-29T20:43:41","modified_gmt":"2023-08-29T20:43:41","slug":"cv","status":"publish","type":"page","link":"https:\/\/leasautin.com\/cy\/cv\/","title":{"rendered":"CV"},"content":{"rendered":"\n<p>Addysg<br>2015&nbsp;&nbsp;&nbsp;&nbsp;&nbsp; BA (Hons) Painting and Printmaking, The Glasgow School of Art<br>2013&nbsp;&nbsp;&nbsp;&nbsp;&nbsp; Cyfnewid Erasmus yn L\u2019\u00c9cole Nationale Sup\u00e9rieure des Beaux-Arts, Paris<br><br>Arddangosfeydd<br>2022&nbsp;&nbsp;&nbsp;&nbsp;&nbsp; Arddangosfa\u2019r Gaeaf, Oriel Plas Glyn y Weddw, Llanbedrog, Gwynedd<br>2022&nbsp;&nbsp;&nbsp;&nbsp; Y Stiwdio Print, Canolfan Grefft Ruthin<br>2022&nbsp;&nbsp;&nbsp;&nbsp; Gwobr Goffa Eirian Llwyd 2022, Canolfan Grefft Ruthin<br>2021&nbsp;&nbsp;&nbsp;&nbsp;&nbsp; Arddangosfa\u2019r Haf, Oriel Plas Glyn y Weddw, Llanbedrog, Gwynedd<br>2020&nbsp;&nbsp;&nbsp;&nbsp;&nbsp; Dreaming Seamless Dreams, Upper Hand, Gottenburg, Sweden<br>2019&nbsp;&nbsp;&nbsp;&nbsp;&nbsp; SAUTIN + SAUTIN, Oriel Plas Glyn y Weddw, Llanbedrog, Gwynedd<br>2018&nbsp;&nbsp;&nbsp;&nbsp;&nbsp; Made in Roath, 66 Alfred Street, Cardiff<br>2018&nbsp;&nbsp;&nbsp;&nbsp;&nbsp; Arddangosfa\u2019r Haf, Oriel Plas Glyn y Weddw, Llanbedrog, Gwynedd<br>2017&nbsp;&nbsp;&nbsp;&nbsp;&nbsp; Hanes: Tales, Stories, Legends &amp; Myths, Aberystwyth Arts Centre, Aberystwyth<br>2017&nbsp;&nbsp;&nbsp;&nbsp;&nbsp; Gwaddol\/Imprint, Plas Glyn y Weddw, Llanbedrog, Gwynedd<br>2017 &nbsp; &nbsp;Lea Sautin : Trwy&#8217;r Ffenestr Bapur\/ Through the Paper Window, Oriel Mwldan, Aberteifi<br>2016&nbsp;&nbsp;&nbsp;&nbsp;&nbsp; Imaginary Worlds, Oriel Davies, Newtown Powys<br>2016&nbsp;&nbsp;&nbsp;&nbsp;&nbsp; Arddangosfa Agored Pafiliwn Penarth<br>2016&nbsp;&nbsp;&nbsp;&nbsp;&nbsp; Finding the Future of Figurative Art.&nbsp;Beverley Art Gallery, East Riding of Yorkshire<br>\u200b2016&nbsp;&nbsp;&nbsp;&nbsp;&nbsp; FBA Futures.&nbsp;Mall Galleries, The Mall, London<br>2015&nbsp;&nbsp;&nbsp;&nbsp;&nbsp; The New Generation Show. The Compass Gallery, Glasgow<br>2015&nbsp;&nbsp;&nbsp;&nbsp;&nbsp; All You Can Eat. The Truman Brewery, London<br>2015&nbsp;&nbsp;&nbsp;&nbsp;&nbsp; The Glasgow School of Art Degree Show. The Tontine Building, Glasgow<br>2014&nbsp;&nbsp;&nbsp;&nbsp;&nbsp; Arddangosfa Agored, Galeri, Caernarfon.<br>2014&nbsp;&nbsp;&nbsp;&nbsp;&nbsp; I Am \/\/\/\/ For You. Fleming House, Glasgow<br>2013&nbsp;&nbsp;&nbsp;&nbsp;&nbsp; Je Ne Sais Pas Encore Exactement. L\u2019\u00c9cole Nationale Sup\u00e9rieure des Beaux-Arts, Paris<br>2012&nbsp;&nbsp;&nbsp;&nbsp;&nbsp; Group Show. Bourdon Building, Glasgow<br><br>Gwobrau<br>2016&nbsp;&nbsp;&nbsp;&nbsp; Yr Ysgoloriaeth Gelf, Eisteddod yr Urdd&nbsp;<br>2015&nbsp;&nbsp;&nbsp;&nbsp; Gwobr Goffa Eirian Llwyd Memorial Award&nbsp;<br>\u200b2015&nbsp;&nbsp;&nbsp;&nbsp; The Euan Stewart Memorial Prize&nbsp;<br>2009&nbsp;&nbsp;&nbsp;&nbsp; Y Fedal Gelf, Eisteddfod yr Urdd<\/p>\n\n\n\n<p>Comisiynau<br>2021 Animeiddio \/ Fideo &#8211; Birjina gaztettobat zegoen, Gwen M\u00e0iri<br>2021 Clawr Albwm &#8211; Douze No\u00ebls, Gwen M\u00e0iri<br>2018 Clawr Albwm &#8211; Mentro, Gwen M\u00e0iri<br>2018 Cerdyn Nadolig Confreys Solicitors<br><br><br><\/p>\n","protected":false},"excerpt":{"rendered":"<p>Addysg2015&nbsp;&nbsp;&nbsp;&nbsp;&nbsp; BA (Hons) Painting and Printmaking, The Glasgow School of Art2013&nbsp;&nbsp;&nbsp;&nbsp;&nbsp; Cyfnewid Erasmus yn L\u2019\u00c9cole Nationale Sup\u00e9rieure des Beaux-Arts, Paris Arddangosfeydd2022&nbsp;&nbsp;&nbsp;&nbsp;&nbsp; Arddangosfa\u2019r Gaeaf, Oriel Plas Glyn y Weddw, Llanbedrog, Gwynedd2022&nbsp;&nbsp;&nbsp;&nbsp; Y Stiwdio Print, Canolfan Grefft Ruthin2022&nbsp;&nbsp;&nbsp;&nbsp; Gwobr Goffa Eirian Llwyd 2022, Canolfan Grefft Ruthin2021&nbsp;&nbsp;&nbsp;&nbsp;&nbsp; Arddangosfa\u2019r Haf, Oriel Plas Glyn y Weddw, Llanbedrog, Gwynedd2020&nbsp;&nbsp;&nbsp;&nbsp;&nbsp; Dreaming Seamless [&hellip;]<\/p>\n","protected":false},"author":2,"featured_media":0,"parent":0,"menu_order":0,"comment_status":"closed","ping_status":"closed","template":"","meta":[],"yoast_head":"<!-- This site is optimized with the Yoast SEO plugin v21.8.1 - https:\/\/yoast.com\/wordpress\/plugins\/seo\/ -->\n<title>CV - L\u00e9a Sautin<\/title>\n<meta name=\"robots\" content=\"index, follow, max-snippet:-1, max-image-preview:large, max-video-preview:-1\" \/>\n<link rel=\"canonical\" href=\"https:\/\/leasautin.com\/cy\/cv\/\" \/>\n<meta property=\"og:locale\" content=\"en_US\" \/>\n<meta property=\"og:type\" content=\"article\" \/>\n<meta property=\"og:title\" content=\"CV - L\u00e9a Sautin\" \/>\n<meta property=\"og:description\" content=\"Addysg2015&nbsp;&nbsp;&nbsp;&nbsp;&nbsp; BA (Hons) Painting and Printmaking, The Glasgow School of Art2013&nbsp;&nbsp;&nbsp;&nbsp;&nbsp; Cyfnewid Erasmus yn L\u2019\u00c9cole Nationale Sup\u00e9rieure des Beaux-Arts, Paris Arddangosfeydd2022&nbsp;&nbsp;&nbsp;&nbsp;&nbsp; Arddangosfa\u2019r Gaeaf, Oriel Plas Glyn y Weddw, Llanbedrog, Gwynedd2022&nbsp;&nbsp;&nbsp;&nbsp; Y Stiwdio Print, Canolfan Grefft Ruthin2022&nbsp;&nbsp;&nbsp;&nbsp; Gwobr Goffa Eirian Llwyd 2022, Canolfan Grefft Ruthin2021&nbsp;&nbsp;&nbsp;&nbsp;&nbsp; Arddangosfa\u2019r Haf, Oriel Plas Glyn y Weddw, Llanbedrog, Gwynedd2020&nbsp;&nbsp;&nbsp;&nbsp;&nbsp; Dreaming Seamless [&hellip;]\" \/>\n<meta property=\"og:url\" content=\"https:\/\/leasautin.com\/cy\/cv\/\" \/>\n<meta property=\"og:site_name\" content=\"L\u00e9a Sautin\" \/>\n<meta property=\"article:modified_time\" content=\"2023-08-29T20:43:41+00:00\" \/>\n<meta name=\"twitter:card\" content=\"summary_large_image\" \/>\n<meta name=\"twitter:label1\" content=\"Est. reading time\" \/>\n\t<meta name=\"twitter:data1\" content=\"2 funud\" \/>\n<script type=\"application\/ld+json\" class=\"yoast-schema-graph\">{\"@context\":\"https:\/\/schema.org\",\"@graph\":[{\"@type\":\"WebPage\",\"@id\":\"https:\/\/leasautin.com\/cy\/cv\/\",\"url\":\"https:\/\/leasautin.com\/cy\/cv\/\",\"name\":\"CV - L\u00e9a Sautin\",\"isPartOf\":{\"@id\":\"https:\/\/leasautin.com\/cy\/#website\"},\"datePublished\":\"2023-08-29T20:37:33+00:00\",\"dateModified\":\"2023-08-29T20:43:41+00:00\",\"breadcrumb\":{\"@id\":\"https:\/\/leasautin.com\/cy\/cv\/#breadcrumb\"},\"inLanguage\":\"cy\",\"potentialAction\":[{\"@type\":\"ReadAction\",\"target\":[\"https:\/\/leasautin.com\/cy\/cv\/\"]}]},{\"@type\":\"BreadcrumbList\",\"@id\":\"https:\/\/leasautin.com\/cy\/cv\/#breadcrumb\",\"itemListElement\":[{\"@type\":\"ListItem\",\"position\":1,\"name\":\"Home\",\"item\":\"https:\/\/leasautin.com\/cy\/\"},{\"@type\":\"ListItem\",\"position\":2,\"name\":\"CV\"}]},{\"@type\":\"WebSite\",\"@id\":\"https:\/\/leasautin.com\/cy\/#website\",\"url\":\"https:\/\/leasautin.com\/cy\/\",\"name\":\"L\u00e9a Sautin\",\"description\":\"\",\"potentialAction\":[{\"@type\":\"SearchAction\",\"target\":{\"@type\":\"EntryPoint\",\"urlTemplate\":\"https:\/\/leasautin.com\/cy\/?s={search_term_string}\"},\"query-input\":\"required name=search_term_string\"}],\"inLanguage\":\"cy\"}]}<\/script>\n<!-- \/ Yoast SEO plugin. -->","yoast_head_json":{"title":"CV - L\u00e9a Sautin","robots":{"index":"index","follow":"follow","max-snippet":"max-snippet:-1","max-image-preview":"max-image-preview:large","max-video-preview":"max-video-preview:-1"},"canonical":"https:\/\/leasautin.com\/cy\/cv\/","og_locale":"en_US","og_type":"article","og_title":"CV - L\u00e9a Sautin","og_description":"Addysg2015&nbsp;&nbsp;&nbsp;&nbsp;&nbsp; BA (Hons) Painting and Printmaking, The Glasgow School of Art2013&nbsp;&nbsp;&nbsp;&nbsp;&nbsp; Cyfnewid Erasmus yn L\u2019\u00c9cole Nationale Sup\u00e9rieure des Beaux-Arts, Paris Arddangosfeydd2022&nbsp;&nbsp;&nbsp;&nbsp;&nbsp; Arddangosfa\u2019r Gaeaf, Oriel Plas Glyn y Weddw, Llanbedrog, Gwynedd2022&nbsp;&nbsp;&nbsp;&nbsp; Y Stiwdio Print, Canolfan Grefft Ruthin2022&nbsp;&nbsp;&nbsp;&nbsp; Gwobr Goffa Eirian Llwyd 2022, Canolfan Grefft Ruthin2021&nbsp;&nbsp;&nbsp;&nbsp;&nbsp; Arddangosfa\u2019r Haf, Oriel Plas Glyn y Weddw, Llanbedrog, Gwynedd2020&nbsp;&nbsp;&nbsp;&nbsp;&nbsp; Dreaming Seamless [&hellip;]","og_url":"https:\/\/leasautin.com\/cy\/cv\/","og_site_name":"L\u00e9a Sautin","article_modified_time":"2023-08-29T20:43:41+00:00","twitter_card":"summary_large_image","twitter_misc":{"Est. reading time":"2 funud"},"schema":{"@context":"https:\/\/schema.org","@graph":[{"@type":"WebPage","@id":"https:\/\/leasautin.com\/cy\/cv\/","url":"https:\/\/leasautin.com\/cy\/cv\/","name":"CV - L\u00e9a Sautin","isPartOf":{"@id":"https:\/\/leasautin.com\/cy\/#website"},"datePublished":"2023-08-29T20:37:33+00:00","dateModified":"2023-08-29T20:43:41+00:00","breadcrumb":{"@id":"https:\/\/leasautin.com\/cy\/cv\/#breadcrumb"},"inLanguage":"cy","potentialAction":[{"@type":"ReadAction","target":["https:\/\/leasautin.com\/cy\/cv\/"]}]},{"@type":"BreadcrumbList","@id":"https:\/\/leasautin.com\/cy\/cv\/#breadcrumb","itemListElement":[{"@type":"ListItem","position":1,"name":"Home","item":"https:\/\/leasautin.com\/cy\/"},{"@type":"ListItem","position":2,"name":"CV"}]},{"@type":"WebSite","@id":"https:\/\/leasautin.com\/cy\/#website","url":"https:\/\/leasautin.com\/cy\/","name":"L\u00e9a Sautin","description":"","potentialAction":[{"@type":"SearchAction","target":{"@type":"EntryPoint","urlTemplate":"https:\/\/leasautin.com\/cy\/?s={search_term_string}"},"query-input":"required name=search_term_string"}],"inLanguage":"cy"}]}},"_links":{"self":[{"href":"https:\/\/leasautin.com\/cy\/wp-json\/wp\/v2\/pages\/63"}],"collection":[{"href":"https:\/\/leasautin.com\/cy\/wp-json\/wp\/v2\/pages"}],"about":[{"href":"https:\/\/leasautin.com\/cy\/wp-json\/wp\/v2\/types\/page"}],"author":[{"embeddable":true,"href":"https:\/\/leasautin.com\/cy\/wp-json\/wp\/v2\/users\/2"}],"replies":[{"embeddable":true,"href":"https:\/\/leasautin.com\/cy\/wp-json\/wp\/v2\/comments?post=63"}],"version-history":[{"count":1,"href":"https:\/\/leasautin.com\/cy\/wp-json\/wp\/v2\/pages\/63\/revisions"}],"predecessor-version":[{"id":64,"href":"https:\/\/leasautin.com\/cy\/wp-json\/wp\/v2\/pages\/63\/revisions\/64"}],"wp:attachment":[{"href":"https:\/\/leasautin.com\/cy\/wp-json\/wp\/v2\/media?parent=63"}],"curies":[{"name":"wp","href":"https:\/\/api.w.org\/{rel}","templated":true}]}}